{"id":3,"date":"2025-04-25T15:49:42","date_gmt":"2025-04-25T15:49:42","guid":{"rendered":"https:\/\/elated-vaughan.216-225-198-194.plesk.page\/?page_id=3"},"modified":"2025-08-01T01:31:39","modified_gmt":"2025-08-01T01:31:39","slug":"privacy-policy","status":"publish","type":"page","link":"https:\/\/medwingsworld.com\/index.php\/privacy-policy\/","title":{"rendered":"Privacy Policy"},"content":{"rendered":"\t\t<div data-elementor-type=\"wp-page\" data-elementor-id=\"3\" class=\"elementor elementor-3\" data-elementor-post-type=\"page\">\n\t\t\t\t<div data-particle_enable=\"false\" data-particle-mobile-disabled=\"false\" class=\"elementor-element elementor-element-1f7dbc44 e-flex e-con-boxed e-con e-parent\" data-id=\"1f7dbc44\" data-element_type=\"container\">\n\t\t\t\t\t<div class=\"e-con-inner\">\n\t\t\t\t<div class=\"elementor-element elementor-element-70f40d16 elementor-widget elementor-widget-text-editor\" data-id=\"70f40d16\" data-element_type=\"widget\" data-widget_type=\"text-editor.default\">\n\t\t\t\t<div class=\"elementor-widget-container\">\n\t\t\t\t\t\t\t\t\t<h2 class=\"wp-block-heading\">Aviso de Privacidad<br>American Medwings y Medwings World<br>M\u00e9xico<\/h2>\n<p class=\"wp-block-heading\">ALAS M\u00c9DICAS DE AMERICA, S.A. DE C.V. referido tambi\u00e9n como \u201cAMERICAN MEDWINGS\u201d a su vez las empresas MEDWINGS WORLD O\u00dc en Estonia y ENRIQUE YA\u00d1EZ en Espa\u00f1a con el fi n de regirse bajo las pol\u00edticas de su representante en M\u00e9xico, como responsables del uso y protecci\u00f3n de sus datos personales a trav\u00e9s del texto subsecuente le informamos c\u00f3mo salvaguardamos la integridad, privacidad y protecci\u00f3n de sus datos personales, en apego a la Ley Federal de Protecci\u00f3n de Datos Personales en posesi\u00f3n de Particulares; para lo cual le informamos lo siguiente:<\/p>\n<p class=\"wp-block-heading\">Consecuentemente, este Aviso describe la forma en la cual recabamos y usamos los datos personales que usted nos brinda. Tambi\u00e9n describe qu\u00e9 tipo de datos son y qu\u00e9 opciones tiene para limitar el uso de dichos datos, as\u00ed como el procedimiento para ejercer sus derechos ARCO, en cumplimiento a los principios de Licitud, Consentimiento, Calidad,&nbsp;Informaci\u00f3n, Finalidad, Lealtad, Proporcionalidad y Responsabilidad que la ley establece.&nbsp;Usted tendr\u00e1 disponible en todo momento esta pol\u00edtica de privacidad en nuestra p\u00e1gina de Internet, en la direcci\u00f3n www.medwingsworld.com<\/p>\n<p class=\"wp-block-heading\">En caso de realizarse alguna modificaci\u00f3n a esta pol\u00edtica de privacidad se har\u00e1 de su conocimiento a trav\u00e9s de los procedimientos descritos a continuaci\u00f3n.<br>Datos del Responsable. &#8211; ALAS M\u00c9DICAS DE AMERICA, S.A. DE C.V., es una empresa dedicada a proporcionar servicios de atenci\u00f3n m\u00e9dica prehospitalaria de emergencia y transporte de pacientes de manera nacional e internacional; as\u00ed como consultor\u00eda con relaci\u00f3n a salud, transporte de pasajeros en condiciones sanitarias espec\u00edficas y entrenamiento m\u00e9dico, con domicilio en Paseo de la Reforma 180 Piso 14 A, Colonia Ju\u00e1rez, Alcald\u00eda Cuauht\u00e9moc, CP 06600, Ciudad de M\u00e9xico, MEX.<\/p>\n<p class=\"wp-block-heading\">Datos Personales Recabados.- ALAS M\u00c9DICAS DE AMERICA, S.A. DE C.V., recabar\u00e1 de usted sus Datos Personales y sensibles, que sean necesarios para llevar acabo el objeto de la relaci\u00f3n contractual. Dichos Datos Personales y sensibles podr\u00e1n incluir todos o algunos de los siguientes, dependiendo del tipo de contrato celebrado:<br><img decoding=\"async\" class=\"emoji\" role=\"img\" draggable=\"false\" src=\"https:\/\/s.w.org\/images\/core\/emoji\/16.0.1\/svg\/25aa.svg\" alt=\"\u25aa\"> Datos de identificaci\u00f3n del usuario: nombre, fecha de nacimiento, edad, domicilio, tel\u00e9fono.<br><img decoding=\"async\" class=\"emoji\" role=\"img\" draggable=\"false\" src=\"https:\/\/s.w.org\/images\/core\/emoji\/16.0.1\/svg\/25aa.svg\" alt=\"\u25aa\"> Datos sensibles: para efectos del presente Aviso de privacidad se consideran sensibles aquellos datos que puedan revelar aspectos como origen racial o \u00e9tnico, estado de salud presente y futura, informaci\u00f3n gen\u00e9tica, historial m\u00e9dico, creencias religiosas, fisiol\u00f3gicas.<br><img decoding=\"async\" class=\"emoji\" role=\"img\" draggable=\"false\" src=\"https:\/\/s.w.org\/images\/core\/emoji\/16.0.1\/svg\/25aa.svg\" alt=\"\u25aa\"> Informaci\u00f3n de contacto de para el pago de los servicios, n\u00famero de cuenta, nombre, direcci\u00f3n de correo electr\u00f3nico y domicilio.<br>Finalidad del Tratamiento de Datos.- Los Datos Personales que nos ha proporcionado ser\u00e1n utilizados para los siguientes fines:<br><img decoding=\"async\" class=\"emoji\" role=\"img\" draggable=\"false\" src=\"https:\/\/s.w.org\/images\/core\/emoji\/16.0.1\/svg\/25aa.svg\" alt=\"\u25aa\"> La realizaci\u00f3n de todas las actividades relacionadas con su relaci\u00f3n como cliente de ALAS M\u00c9DICAS DE AMERICA, S.A. DE C.V., incluyendo de manera enunciativa m\u00e1s no limitativa; servicios de atenci\u00f3n m\u00e9dica pre-hospitalaria de emergencia y transporte de pacientes; as\u00ed como consultor\u00eda con relaci\u00f3n a salud, transporte de pasajeros en condiciones sanitarias espec\u00edficas y entrenamiento m\u00e9dico.<br><img decoding=\"async\" class=\"emoji\" role=\"img\" draggable=\"false\" src=\"https:\/\/s.w.org\/images\/core\/emoji\/16.0.1\/svg\/25aa.svg\" alt=\"\u25aa\"> Para verificar antecedentes m\u00e9dicos y estado de salud.<br><img decoding=\"async\" class=\"emoji\" role=\"img\" draggable=\"false\" src=\"https:\/\/s.w.org\/images\/core\/emoji\/16.0.1\/svg\/25aa.svg\" alt=\"\u25aa\"> La realizaci\u00f3n de cualquier actividad complementaria o auxiliar necesaria para los servicios ofertados.<br><img decoding=\"async\" class=\"emoji\" role=\"img\" draggable=\"false\" src=\"https:\/\/s.w.org\/images\/core\/emoji\/16.0.1\/svg\/25aa.svg\" alt=\"\u25aa\"> Ofrecer servicios bajo consentimiento previo.<br><img decoding=\"async\" class=\"emoji\" role=\"img\" draggable=\"false\" src=\"https:\/\/s.w.org\/images\/core\/emoji\/16.0.1\/svg\/25aa.svg\" alt=\"\u25aa\"> Contactarlo para cualquier tema relacionado con el presente Aviso de Privacidad.<br>Transferencia de Datos.- American Medwings, se compromete a velar porque se cumplan todos los principios legales de protecci\u00f3n en torno a la transferencia de sus Datos Personales. De igual forma, manifiesta su compromiso para que se respete en todo momento, por AMI y por sus socios comerciales, la presente pol\u00edtica de privacidad. Por lo cual, sus datos no ser\u00e1n vendidos ni compartidos con ning\u00fan tercero ajeno.<\/p><p class=\"wp-block-heading\">Medios para Ejercer los Derechos ARCO.- Usted tiene derecho constitucional de Acceder y conocer los datos personales que poseemos y a los detalles del tratamiento y uso de los mismos, as\u00ed como a Rectificarlos y corregirlos en caso de ser inexactos o incompletos; Cancelarlos y eliminarlos cuando considere que no se requieren para alguna de las finalidades se\u00f1alados en el presente aviso de privacidad, o que est\u00e9n siendo utilizados para finalidades no autorizadas por usted o haya finalizado la relaci\u00f3n jur\u00eddica o de servicio, o bien, Oponerse al tratamiento de los mismos para fines espec\u00edficos.<\/p><p class=\"wp-block-heading\">Los mecanismos implementados para el ejercicio de sus Derechos ARCO, as\u00ed como los plazos, informaci\u00f3n y documentaci\u00f3n que debe contener su solicitud se especifican en el apartado de Derechos del Titular localizado en el punto IX de este Aviso Limitaci\u00f3n de Uso o<br>Divulgaci\u00f3n.- Si usted no desea recibir mensajes de nuestra parte que no sean indispensables para cumplir las finalidades se\u00f1aladas, los mecanismos implementados para ello, as\u00ed como los plazos, informaci\u00f3n y documentaci\u00f3n que debe contener su solicitud se especifican en el apartado de Derechos del Titular localizado en el punto IX de este Aviso.<\/p><p class=\"wp-block-heading\">M\u00e9todo para Revocaci\u00f3n de Consentimiento.- Si usted desea revocar el consentimiento que nos otorg\u00f3 para el uso de sus datos personales, los mecanismos implementados para ello, as\u00ed como los plazos, informaci\u00f3n y documentaci\u00f3n que debe contener su solicitud se especifican en el apartado de Derechos del Titular localizado en el punto IX de este Aviso.<\/p><p class=\"wp-block-heading\">Modificaci\u00f3n del Aviso de Privacidad.- Nos reservamos el derecho de efectuar en cualquier momento modificaciones al presente Aviso de Privacidad, para la atenci\u00f3n de novedades legislativas, pol\u00edticas internas o nuevos requerimientos para cumplir con las finalidades previstas. Estas modificaciones estar\u00e1n disponibles a los Titulares en la direcci\u00f3n web: www.medwingsworld.com<\/p><p class=\"wp-block-heading\">Derechos del Titular.- ALAS MEDICAS DE AMERICA, S.A. DE C.V., ha implementado el siguiente Formato Universal de Ejercicio de Derechos del Titular respecto de sus Datos Personales, de conformidad con las siguientes instrucciones:<br>a) Solicite el formato PDF a trav\u00e9s de mx@medwingsworld.com<br>b) Lea atentamente los requisitos e indicaciones que se describen en el formato<br>c) Env\u00ede la solicitud al correo electr\u00f3nico: mx@medwingsworld.com<br>d) Confirme la recepci\u00f3n de su solicitud al n\u00famero de tel\u00e9fono: +52 55 4124 0312 correspondiente a la l\u00ednea de Direcci\u00f3n General Global.<br>M\u00e9todo de Impugnaci\u00f3n.- Si despu\u00e9s de haber ejercido sus Derechos de Protecci\u00f3n de Datos ante ALAS M\u00c9DICAS DE AMERICA, S.A. DE C.V., por medio de los mecanismos establecidos en este Aviso de Privacidad, considera que su derecho de protecci\u00f3n de datos personales ha sido lesionado por alguna conducta u omisi\u00f3n de American Medwings; o cuenta con evidencia de que en el tratamiento de sus datos personales existe alguna violaci\u00f3n a las disposiciones previstas en la LFPDPPP, le invitamos a ponerse en contacto nuevamente con nosotros para agotar todos los procedimientos internos a efecto de satisfacer plenamente su solicitud. De no ser el caso, usted podr\u00e1 interponer la queja correspondiente ante el IFAI.<\/p><p class=\"wp-block-heading\">Para m\u00e1s informaci\u00f3n visite: www.ifai.org.mx<br>Ciudad de M\u00e9xico Mayo, 2025<\/p>\t\t\t\t\t\t\t\t<\/div>\n\t\t\t\t<\/div>\n\t\t\t\t\t<\/div>\n\t\t\t\t<\/div>\n\t\t\t\t<\/div>\n\t\t","protected":false},"excerpt":{"rendered":"<p>Aviso de PrivacidadAmerican Medwings y Medwings WorldM\u00e9xico ALAS M\u00c9DICAS DE AMERICA, S.A. DE C.V. referido tambi\u00e9n como \u201cAMERICAN MEDWINGS\u201d a [&hellip;]<\/p>\n","protected":false},"author":1,"featured_media":0,"parent":0,"menu_order":0,"comment_status":"closed","ping_status":"open","template":"","meta":{"site-sidebar-layout":"default","site-content-layout":"","ast-site-content-layout":"default","site-content-style":"default","site-sidebar-style":"default","ast-global-header-display":"","ast-banner-title-visibility":"","ast-main-header-display":"","ast-hfb-above-header-display":"","ast-hfb-below-header-display":"","ast-hfb-mobile-header-display":"","site-post-title":"","ast-breadcrumbs-content":"","ast-featured-img":"","footer-sml-layout":"","theme-transparent-header-meta":"","adv-header-id-meta":"","stick-header-meta":"","header-above-stick-meta":"","header-main-stick-meta":"","header-below-stick-meta":"","astra-migrate-meta-layouts":"default","ast-page-background-enabled":"default","ast-page-background-meta":{"desktop":{"background-color":"var(--ast-global-color-5)","background-image":"","background-repeat":"repeat","background-position":"center center","background-size":"auto","background-attachment":"scroll","background-type":"","background-media":"","overlay-type":"","overlay-color":"","overlay-opacity":"","overlay-gradient":""},"tablet":{"background-color":"","background-image":"","background-repeat":"repeat","background-position":"center center","background-size":"auto","background-attachment":"scroll","background-type":"","background-media":"","overlay-type":"","overlay-color":"","overlay-opacity":"","overlay-gradient":""},"mobile":{"background-color":"","background-image":"","background-repeat":"repeat","background-position":"center center","background-size":"auto","background-attachment":"scroll","background-type":"","background-media":"","overlay-type":"","overlay-color":"","overlay-opacity":"","overlay-gradient":""}},"ast-content-background-meta":{"desktop":{"background-color":"var(--ast-global-color-4)","background-image":"","background-repeat":"repeat","background-position":"center center","background-size":"auto","background-attachment":"scroll","background-type":"","background-media":"","overlay-type":"","overlay-color":"","overlay-opacity":"","overlay-gradient":""},"tablet":{"background-color":"var(--ast-global-color-4)","background-image":"","background-repeat":"repeat","background-position":"center center","background-size":"auto","background-attachment":"scroll","background-type":"","background-media":"","overlay-type":"","overlay-color":"","overlay-opacity":"","overlay-gradient":""},"mobile":{"background-color":"var(--ast-global-color-4)","background-image":"","background-repeat":"repeat","background-position":"center center","background-size":"auto","background-attachment":"scroll","background-type":"","background-media":"","overlay-type":"","overlay-color":"","overlay-opacity":"","overlay-gradient":""}},"footnotes":""},"class_list":["post-3","page","type-page","status-publish","hentry"],"jetpack_sharing_enabled":true,"_links":{"self":[{"href":"https:\/\/medwingsworld.com\/index.php\/wp-json\/wp\/v2\/pages\/3","targetHints":{"allow":["GET"]}}],"collection":[{"href":"https:\/\/medwingsworld.com\/index.php\/wp-json\/wp\/v2\/pages"}],"about":[{"href":"https:\/\/medwingsworld.com\/index.php\/wp-json\/wp\/v2\/types\/page"}],"author":[{"embeddable":true,"href":"https:\/\/medwingsworld.com\/index.php\/wp-json\/wp\/v2\/users\/1"}],"replies":[{"embeddable":true,"href":"https:\/\/medwingsworld.com\/index.php\/wp-json\/wp\/v2\/comments?post=3"}],"version-history":[{"count":3,"href":"https:\/\/medwingsworld.com\/index.php\/wp-json\/wp\/v2\/pages\/3\/revisions"}],"predecessor-version":[{"id":7888,"href":"https:\/\/medwingsworld.com\/index.php\/wp-json\/wp\/v2\/pages\/3\/revisions\/7888"}],"wp:attachment":[{"href":"https:\/\/medwingsworld.com\/index.php\/wp-json\/wp\/v2\/media?parent=3"}],"curies":[{"name":"wp","href":"https:\/\/api.w.org\/{rel}","templated":true}]}}